{"id":111,"date":"2025-04-03T12:47:28","date_gmt":"2025-04-03T10:47:28","guid":{"rendered":"https:\/\/ssvsueng.b2kommunikation.de\/?page_id=111"},"modified":"2025-05-08T15:51:23","modified_gmt":"2025-05-08T13:51:23","slug":"historie","status":"publish","type":"page","link":"https:\/\/ssv-sueng1931.de\/index.php\/historie\/","title":{"rendered":"Historie"},"content":{"rendered":"\t\t<div data-elementor-type=\"wp-page\" data-elementor-id=\"111\" class=\"elementor elementor-111\" data-elementor-settings=\"{&quot;ha_cmc_init_switcher&quot;:&quot;no&quot;}\" data-elementor-post-type=\"page\">\n\t\t\t\t<div class=\"elementor-element elementor-element-fcca635 e-flex e-con-boxed e-con e-parent\" data-id=\"fcca635\" data-element_type=\"container\" data-e-type=\"container\" data-settings=\"{&quot;background_background&quot;:&quot;classic&quot;,&quot;_ha_eqh_enable&quot;:false}\">\n\t\t\t\t\t<div class=\"e-con-inner\">\n\t\t\t\t<div class=\"elementor-element elementor-element-3396cf4 elementor-widget elementor-widget-heading\" data-id=\"3396cf4\" data-element_type=\"widget\" data-e-type=\"widget\" data-widget_type=\"heading.default\">\n\t\t\t\t<div class=\"elementor-widget-container\">\n\t\t\t\t\t<h2 class=\"elementor-heading-title elementor-size-default\">Historie des SSV S\u00fcng 1932 e.v.<\/h2>\t\t\t\t<\/div>\n\t\t\t\t<\/div>\n\t\t\t\t\t<\/div>\n\t\t\t\t<\/div>\n\t\t<div class=\"elementor-element elementor-element-24a05c2 e-flex e-con-boxed e-con e-parent\" data-id=\"24a05c2\" data-element_type=\"container\" data-e-type=\"container\" data-settings=\"{&quot;_ha_eqh_enable&quot;:false}\">\n\t\t\t\t\t<div class=\"e-con-inner\">\n\t\t\t\t<div class=\"elementor-element elementor-element-42d1565 elementor-widget elementor-widget-spacer\" data-id=\"42d1565\" data-element_type=\"widget\" data-e-type=\"widget\" data-widget_type=\"spacer.default\">\n\t\t\t\t<div class=\"elementor-widget-container\">\n\t\t\t\t\t\t\t<div class=\"elementor-spacer\">\n\t\t\t<div class=\"elementor-spacer-inner\"><\/div>\n\t\t<\/div>\n\t\t\t\t\t\t<\/div>\n\t\t\t\t<\/div>\n\t\t\t\t<div class=\"elementor-element elementor-element-05e5de7 elementor-widget elementor-widget-text-editor\" data-id=\"05e5de7\" data-element_type=\"widget\" data-e-type=\"widget\" data-widget_type=\"text-editor.default\">\n\t\t\t\t<div class=\"elementor-widget-container\">\n\t\t\t\t\t\t\t\t\t<table>\n<thead>\n<tr>\n<th>Jahr<\/th>\n<th>Ereignisse<\/th>\n<\/tr>\n<\/thead>\n<tbody>\n<tr>\n<td style=\"border: 1px solid #000000; text-align: left; vertical-align: top;\"><strong>1991<\/strong><\/td>\n<td style=\"border: 1px solid #000000; text-align: left; vertical-align: top;\">539 Mitglieder. Ausfall des Sportlerballs und des 60-j\u00e4hrigen Jubil\u00e4ums wegen Golfkrieg. Sportplatz Hartegasse wird nach Bodenproben gesperrt \u2013 Freigabe am 4.9. nach Sanierung.<\/td>\n<\/tr>\n<tr>\n<td style=\"border: 1px solid #000000; text-align: left; vertical-align: top;\"><strong>1992<\/strong><\/td>\n<td style=\"border: 1px solid #000000; text-align: left; vertical-align: top;\">568 Mitglieder. Damen starten mit neuem Trainer M. Biber. Erste Mannschaft verliert Aufstiegsentscheidung gegen TuS Immekeppel II (2:1).<\/td>\n<\/tr>\n<tr>\n<td style=\"border: 1px solid #000000; text-align: left; vertical-align: top;\"><strong>1993<\/strong><\/td>\n<td style=\"border: 1px solid #000000; text-align: left; vertical-align: top;\">1. Mannschaft wird 2. in Kreisliga C und verpasst Aufstieg um 1 Punkt mit 40:8 Punkten und 71:11 Toren.<\/td>\n<\/tr>\n<tr>\n<td style=\"border: 1px solid #000000; text-align: left; vertical-align: top;\"><strong>1994<\/strong><\/td>\n<td style=\"border: 1px solid #000000; text-align: left; vertical-align: top;\">563 Mitglieder. Neuer Vorstand. F\u00f6rderverein gegr\u00fcndet. Skiabteilung entsteht. Wieder kein Aufstieg \u2013 Platz 3 in KL C. Sportplatzzaun erneuert.<\/td>\n<\/tr>\n<tr>\n<td style=\"border: 1px solid #000000; text-align: left; vertical-align: top;\"><strong>1995<\/strong><\/td>\n<td style=\"border: 1px solid #000000; text-align: left; vertical-align: top;\">T\u00f6dlicher Unfall von Jugendleiter A. K\u00f6ser. 554 Mitglieder. Sportlerball erstmals in Turnhalle. FC Breun feiert 20 Jahre. S\u00fcng I Hinrunde 28:0 Punkte, R\u00fcckrunde durch Playoffs nur Platz 3.<\/td>\n<\/tr>\n<tr>\n<td style=\"border: 1px solid #000000; text-align: left; vertical-align: top;\"><strong>1996<\/strong><\/td>\n<td style=\"border: 1px solid #000000; text-align: left; vertical-align: top;\">Aufstieg von S\u00fcng II in Kreisliga B. Damen steigen in Landesliga auf. 582 Mitglieder (239 Jugendliche). Jugend wird f\u00fcr Anti-Drogen-Kampagne geehrt. Pokalerfolge der 1. Mannschaft. SSV wird bei BLZ-Sportlerehrung 10. im Kreis.<\/td>\n<\/tr>\n<tr>\n<td style=\"border: 1px solid #000000; text-align: left; vertical-align: top;\"><strong>1997<\/strong><\/td>\n<td style=\"border: 1px solid #000000; text-align: left; vertical-align: top;\">565 Mitglieder. 1. Mannschaft steigt in Kreisliga A auf. SKV Anadoluspor spielt auf dem Platz. Frauenmannschaft wird Mannschaft des Jahres. Peter Schnickmann spielt in der Mittelrheinauswahl.<\/td>\n<\/tr>\n<tr>\n<td style=\"border: 1px solid #000000; text-align: left; vertical-align: top;\"><strong>1998<\/strong><\/td>\n<td style=\"border: 1px solid #000000; text-align: left; vertical-align: top;\">Platzsanierung f\u00fcr 2004 angek\u00fcndigt. \u00d6ffentlichkeitsarbeit durch G. R\u00f6ttgen. Skiabteilung aufgel\u00f6st. Teilnahme an Turnier in Barcelona. JuJutsu-Gruppe startet. 1. Mannschaft steigt ab. Letztes Ferienzeltlager.<\/td>\n<\/tr>\n<tr>\n<td style=\"border: 1px solid #000000; text-align: left; vertical-align: top;\"><strong>1999<\/strong><\/td>\n<td style=\"border: 1px solid #000000; text-align: left; vertical-align: top;\">580 Mitglieder.<\/td>\n<\/tr>\n<tr>\n<td style=\"border: 1px solid #000000; text-align: left; vertical-align: top;\"><strong>2000<\/strong><\/td>\n<td style=\"border: 1px solid #000000; text-align: left; vertical-align: top;\">10 Jahre Damenmannschaft. Ehrung G. R\u00f6ttgen durch Kreis. Tod von Erich Tix (langj\u00e4hriger Gesch\u00e4ftsf\u00fchrer). Sepp-Herberger-Urkunde f\u00fcr Jugendarbeit. FC-Besuch bei Training.<\/td>\n<\/tr>\n<tr>\n<td style=\"border: 1px solid #000000; text-align: left; vertical-align: top;\"><strong>2001<\/strong><\/td>\n<td style=\"border: 1px solid #000000; text-align: left; vertical-align: top;\">B-Jugendturnier mit Sieg FC K\u00f6ln. Wiederaufstieg der Frauen mit 119:7 Toren. Vereinswappen beschlossen. Fu\u00dfballfreizeit mit DFB-F\u00f6rderpreis. Tod H.H. Ufer.<\/td>\n<\/tr>\n<tr>\n<td style=\"border: 1px solid #000000; text-align: left; vertical-align: top;\"><strong>2002<\/strong><\/td>\n<td style=\"border: 1px solid #000000; text-align: left; vertical-align: top;\">Sanierung des Aschenplatzes kostet 500.000 \u20ac. Todesf\u00e4lle R. Scharf und Fritz Wintz. Austritt aus DJK am 15.11., neue Satzung verabschiedet.<\/td>\n<\/tr>\n<tr>\n<td style=\"border: 1px solid #000000; text-align: left; vertical-align: top;\"><strong>2003<\/strong><\/td>\n<td style=\"border: 1px solid #000000; text-align: left; vertical-align: top;\">Damenmannschaft verpasst Aufstieg und l\u00f6st sich auf. 2. Mannschaft wird ebenfalls nur Zweiter. Sportplatz ab 16.12. gesperrt.<\/td>\n<\/tr>\n<tr>\n<td style=\"border: 1px solid #000000; text-align: left; vertical-align: top;\"><strong>2004<\/strong><\/td>\n<td style=\"border: 1px solid #000000; text-align: left; vertical-align: top;\">SG S\u00fcng\/Linde C-Jugend wird Staffelsieger. Training findet extern statt. Turnabteilung mit neuen \u00dcbungsleiterinnen. Sportplatzbau startet im April.<\/td>\n<\/tr>\n<tr>\n<td style=\"border: 1px solid #000000; text-align: left; vertical-align: top;\"><strong>2005<\/strong><\/td>\n<td style=\"border: 1px solid #000000; text-align: left; vertical-align: top;\">Tod Gerd B\u00f6rdgen. Sportanlage wird zur Erich-Tix-Sportanlage. Einweihung am 28.05. \u2013 648.000 \u20ac Baukosten. Mitarbeit bei Islandpferdemeisterschaft.<\/td>\n<\/tr>\n<tr>\n<td style=\"border: 1px solid #000000; text-align: left; vertical-align: top;\"><strong>2006<\/strong><\/td>\n<td style=\"border: 1px solid #000000; text-align: left; vertical-align: top;\">75-j\u00e4hriges Vereinsjubil\u00e4um.<\/td>\n<\/tr>\n<tr>\n<td style=\"border: 1px solid #000000; text-align: left; vertical-align: top;\"><strong>2007<\/strong><\/td>\n<td style=\"border: 1px solid #000000; text-align: left; vertical-align: top;\">Erstes Erich-Tix-Turnier unter dem Motto \u201eUnser Dorf spielt Fu\u00dfball\u201c mit 14 Teams.<\/td>\n<\/tr>\n<tr>\n<td style=\"border: 1px solid #000000; text-align: left; vertical-align: top;\"><strong>2008<\/strong><\/td>\n<td style=\"border: 1px solid #000000; text-align: left; vertical-align: top;\">2. Mannschaft steigt in Kreisliga D ab. Neuer Vorstand gew\u00e4hlt. Willi H\u00f6nen wird Ehrenvorsitzender. Ralf Theunissen wird 1. Vorsitzender.<\/td>\n<\/tr>\n<tr>\n<td style=\"border: 1px solid #000000; text-align: left; vertical-align: top;\"><strong>2009<\/strong><\/td>\n<td style=\"border: 1px solid #000000; text-align: left; vertical-align: top;\">557 Mitglieder. Drittes Erich-Tix-Turnier mit Hilfe des Sch\u00fctzenvereins. Vereinsgastst\u00e4tte Tix wird 100 Jahre alt.<\/td>\n<\/tr>\n<tr>\n<td style=\"border: 1px solid #000000; text-align: left; vertical-align: top;\"><strong>2010<\/strong><\/td>\n<td style=\"border: 1px solid #000000; text-align: left; vertical-align: top;\">Doppelaufstieg der 1. und 2. Mannschaft \u2013 gro\u00dfer Erfolg!<\/td>\n<\/tr>\n\n<\/tbody>\n<\/table>\t\t\t\t\t\t\t\t<\/div>\n\t\t\t\t<\/div>\n\t\t\t\t<div class=\"elementor-element elementor-element-77f977c elementor-widget elementor-widget-spacer\" data-id=\"77f977c\" data-element_type=\"widget\" data-e-type=\"widget\" data-widget_type=\"spacer.default\">\n\t\t\t\t<div class=\"elementor-widget-container\">\n\t\t\t\t\t\t\t<div class=\"elementor-spacer\">\n\t\t\t<div class=\"elementor-spacer-inner\"><\/div>\n\t\t<\/div>\n\t\t\t\t\t\t<\/div>\n\t\t\t\t<\/div>\n\t\t\t\t\t<\/div>\n\t\t\t\t<\/div>\n\t\t\t\t<\/div>\n\t\t","protected":false},"excerpt":{"rendered":"<p>Historie des SSV S\u00fcng 1932 e.v. Jahr Ereignisse 1991 539 Mitglieder. Ausfall des Sportlerballs und des 60-j\u00e4hrigen Jubil\u00e4ums wegen Golfkrieg. Sportplatz Hartegasse wird nach Bodenproben gesperrt \u2013 Freigabe am 4.9. nach Sanierung. 1992 568 Mitglieder. Damen starten mit neuem Trainer M. Biber. Erste Mannschaft verliert Aufstiegsentscheidung gegen TuS Immekeppel II (2:1). 1993 1. Mannschaft wird [&hellip;]<\/p>\n","protected":false},"author":1,"featured_media":0,"parent":0,"menu_order":0,"comment_status":"closed","ping_status":"closed","template":"elementor_header_footer","meta":{"footnotes":""},"class_list":["post-111","page","type-page","status-publish","hentry"],"_links":{"self":[{"href":"https:\/\/ssv-sueng1931.de\/index.php\/wp-json\/wp\/v2\/pages\/111","targetHints":{"allow":["GET"]}}],"collection":[{"href":"https:\/\/ssv-sueng1931.de\/index.php\/wp-json\/wp\/v2\/pages"}],"about":[{"href":"https:\/\/ssv-sueng1931.de\/index.php\/wp-json\/wp\/v2\/types\/page"}],"author":[{"embeddable":true,"href":"https:\/\/ssv-sueng1931.de\/index.php\/wp-json\/wp\/v2\/users\/1"}],"replies":[{"embeddable":true,"href":"https:\/\/ssv-sueng1931.de\/index.php\/wp-json\/wp\/v2\/comments?post=111"}],"version-history":[{"count":28,"href":"https:\/\/ssv-sueng1931.de\/index.php\/wp-json\/wp\/v2\/pages\/111\/revisions"}],"predecessor-version":[{"id":593,"href":"https:\/\/ssv-sueng1931.de\/index.php\/wp-json\/wp\/v2\/pages\/111\/revisions\/593"}],"wp:attachment":[{"href":"https:\/\/ssv-sueng1931.de\/index.php\/wp-json\/wp\/v2\/media?parent=111"}],"curies":[{"name":"wp","href":"https:\/\/api.w.org\/{rel}","templated":true}]}}